{"id":7743,"date":"2015-11-25T22:45:50","date_gmt":"2015-11-25T22:45:50","guid":{"rendered":"http:\/\/export-xml.qreativethemes.com\/physio\/?page_id=55"},"modified":"2021-08-26T20:24:18","modified_gmt":"2021-08-26T20:24:18","slug":"home","status":"publish","type":"page","link":"http:\/\/cre.com.pl\/","title":{"rendered":"Strona g\u0142\u00f3wna"},"content":{"rendered":"<div id=\"pl-7743\"  class=\"panel-layout\" ><div id=\"pg-7743-0\"  class=\"panel-grid panel-no-style\" ><div id=\"pgc-7743-0-0\"  class=\"panel-grid-cell\" ><div id=\"panel-7743-0-0-0\" class=\"so-panel widget widget_sow-editor panel-first-child panel-last-child\" data-index=\"0\" ><div\n\t\t\t\n\t\t\tclass=\"so-widget-sow-editor so-widget-sow-editor-base\"\n\t\t\t\n\t\t><h3 class=\"widget-title\">Prosimy o zapoznanie si\u0119 z godzinami rejestracji<\/h3>\n<div class=\"siteorigin-widget-tinymce textwidget\">\n\t<p>Dzia\u0142 Terapii Dziennej jest miejscem gdzie dzieci i m\u0142odzie\u017c niepe\u0142nosprawna mo\u017ce korzysta\u0107 z wielospecjalistycznych form usprawniania<\/p>\n<a href=\"http:\/\/cre.com.pl\/nowa\/rejestracja-tradycyjna\/\" class=\"btn btn-primary\" target=\"_self\" >Pe\u0142ny\u00a0 opis<\/a>\n<\/div>\n<\/div><\/div><\/div><div id=\"pgc-7743-0-1\"  class=\"panel-grid-cell\" ><div id=\"panel-7743-0-1-0\" class=\"so-panel widget widget_qt_feature_page widget-featured-page panel-first-child panel-last-child\" data-index=\"1\" >\n\t\t\t<div class=\"featured-page\">\n\t\t\t\t\t\t\t\t<div class=\"featured-page--content\">\n\t\t\t\t\t<h4 class=\"featued-page--title\">\n\t\t\t\t\t\t<a href=\"http:\/\/cre.com.pl\/?page_id=40\">Dzia\u0142 Terapii Dziennej<\/a>\n\t\t\t\t\t<\/h4>\n\t\t\t\t\t\t\t\t\t\t\t<p>\n Dzia\u0142  Terapii Dziennej jest miejscem gdzie dzieci i m\u0142odzie\u017c niepe\u0142nosprawna  mo\u017ce korzysta\u0107 z wielospecjalistycznych form usprawniania: rehabilitacji  ruchowej, terapii psychologicznej,...<\/p>\n\t\t\t\t\t\t\t\t\t\t\t\t\t\t\t\t<a href=\"http:\/\/cre.com.pl\/?page_id=40\" class=\"text-link\">Dowiedz si\u0119 wi\u0119cej<\/a>\n\t\t\t\t\t\t\t\t\t<\/div>\n\t\t\t<\/div>\n\n\t\t\t<\/div><\/div><div id=\"pgc-7743-0-2\"  class=\"panel-grid-cell\" ><div id=\"panel-7743-0-2-0\" class=\"so-panel widget widget_qt_feature_page widget-featured-page panel-first-child panel-last-child\" data-index=\"2\" >\n\t\t\t<div class=\"featured-page\">\n\t\t\t\t\t\t\t\t<div class=\"featured-page--content\">\n\t\t\t\t\t<h4 class=\"featued-page--title\">\n\t\t\t\t\t\t<a href=\"http:\/\/cre.com.pl\/?page_id=36\">Poradnie specjalistyczne<\/a>\n\t\t\t\t\t<\/h4>\n\t\t\t\t\t\t\t\t\t\t\t<p>\nW Centrum dzia\u0142aj\u0105 poradnie specjalistyczne: poradnia rehabilitacyjna, poradnia wad postawy, poradnia logopedyczna.\n\n\n\nPacjenci \nprzyjmowani s\u0105 na podstawie aktualnego skierowania...<\/p>\n\t\t\t\t\t\t\t\t\t\t\t\t\t\t\t\t<a href=\"http:\/\/cre.com.pl\/?page_id=36\" class=\"text-link\">Dowiedz si\u0119 wi\u0119cej<\/a>\n\t\t\t\t\t\t\t\t\t<\/div>\n\t\t\t<\/div>\n\n\t\t\t<\/div><\/div><div id=\"pgc-7743-0-3\"  class=\"panel-grid-cell\" ><div id=\"panel-7743-0-3-0\" class=\"so-panel widget widget_qt_feature_page widget-featured-page panel-first-child panel-last-child\" data-index=\"3\" >\n\t\t\t<div class=\"featured-page\">\n\t\t\t\t\t\t\t\t<div class=\"featured-page--content\">\n\t\t\t\t\t<h4 class=\"featued-page--title\">\n\t\t\t\t\t\t<a href=\"http:\/\/cre.com.pl\/?page_id=38\">Rehabilitacja<\/a>\n\t\t\t\t\t<\/h4>\n\t\t\t\t\t\t\t\t\t\t\t<p>\nW naszym o\u015brodku znajdziecie Pa\u0144stwo \ntematycznie podzielone gabinety, wyposa\u017cone w profesjonalne urz\u0105dzenia \nprzeznaczone do leczenia wielu schorze\u0144, mi\u0119dzy innymi:&nbsp;\n\n\n\nchor\u00f3b...<\/p>\n\t\t\t\t\t\t\t\t\t\t\t\t\t\t\t\t<a href=\"http:\/\/cre.com.pl\/?page_id=38\" class=\"text-link\">Dowiedz si\u0119 wi\u0119cej<\/a>\n\t\t\t\t\t\t\t\t\t<\/div>\n\t\t\t<\/div>\n\n\t\t\t<\/div><\/div><\/div><div id=\"pg-7743-1\"  class=\"panel-grid panel-has-style\" ><div class=\"siteorigin-panels-stretch panel-row-style panel-row-style-for-7743-1\" data-stretch-type=\"full\" ><div id=\"pgc-7743-1-0\"  class=\"panel-grid-cell panel-grid-cell-empty\" ><\/div><\/div><\/div><div id=\"pg-7743-2\"  class=\"panel-grid panel-no-style\" ><div id=\"pgc-7743-2-0\"  class=\"panel-grid-cell\" ><div id=\"panel-7743-2-0-0\" class=\"so-panel widget widget_sow-editor panel-first-child panel-last-child\" data-index=\"4\" ><div class=\"bigger-widget-title panel-widget-style panel-widget-style-for-7743-2-0-0\" ><div\n\t\t\t\n\t\t\tclass=\"so-widget-sow-editor so-widget-sow-editor-base\"\n\t\t\t\n\t\t><h3 class=\"widget-title\">Nasze zalety<\/h3>\n<div class=\"siteorigin-widget-tinymce textwidget\">\n\t<\/div>\n<\/div><\/div><\/div><\/div><\/div><div id=\"pg-7743-3\"  class=\"panel-grid panel-no-style\" ><div id=\"pgc-7743-3-0\"  class=\"panel-grid-cell\" ><div id=\"panel-7743-3-0-0\" class=\"so-panel widget widget_qt_icon_box widget-icon-box panel-first-child\" data-index=\"5\" >\t\t\t\t<div class=\"icon-box\">\n\t\t\t\t\t\t\t\t\t\t\t\t<div class=\"icon-box--icon\">\n\t\t\t\t\t\t<i class=\"fa fas fa-briefcase-medical\"><\/i>\n\t\t\t\t\t<\/div>\n\t\t\t\t\t\t\t\t<div class=\"icon-box--text\">\n\t\t\t\t\t\t\t\t\t\t\t<h6 class=\"icon-box--title\">Spersonalizowana terapia<\/h6>\n\t\t\t\t\t\t\t\t\t\t\t\t\t\t\t\t<span class=\"icon-box--description\">Odywamy z pacjentem wizyty terapeutyczne<\/span>\n\t\t\t\t\t\t\t\t\t<\/div>\n\t\t\t<\/div>\n\n\t\t\t<\/div><div id=\"panel-7743-3-0-1\" class=\"so-panel widget widget_qt_icon_box widget-icon-box panel-last-child\" data-index=\"6\" >\t\t\t\t<div class=\"icon-box\">\n\t\t\t\t\t\t\t\t\t\t\t\t<div class=\"icon-box--icon\">\n\t\t\t\t\t\t<i class=\"fa far fa-building\"><\/i>\n\t\t\t\t\t<\/div>\n\t\t\t\t\t\t\t\t<div class=\"icon-box--text\">\n\t\t\t\t\t\t\t\t\t\t\t<h6 class=\"icon-box--title\">Wygodne centrum<\/h6>\n\t\t\t\t\t\t\t\t\t\t\t\t\t\t\t\t<span class=\"icon-box--description\">Nasze centrum jest dobrze wyposa\u017cone <\/span>\n\t\t\t\t\t\t\t\t\t<\/div>\n\t\t\t<\/div>\n\n\t\t\t<\/div><\/div><div id=\"pgc-7743-3-1\"  class=\"panel-grid-cell\" ><div id=\"panel-7743-3-1-0\" class=\"so-panel widget widget_qt_icon_box widget-icon-box panel-first-child\" data-index=\"7\" >\t\t\t\t<div class=\"icon-box\">\n\t\t\t\t\t\t\t\t\t\t\t\t<div class=\"icon-box--icon\">\n\t\t\t\t\t\t<i class=\"fa fas fa-check\"><\/i>\n\t\t\t\t\t<\/div>\n\t\t\t\t\t\t\t\t<div class=\"icon-box--text\">\n\t\t\t\t\t\t\t\t\t\t\t<h6 class=\"icon-box--title\">Wykszta\u0142cona kadra<\/h6>\n\t\t\t\t\t\t\t\t\t\t\t\t\t\t\t\t<span class=\"icon-box--description\">Zatrudniamy wyedukowany personel<\/span>\n\t\t\t\t\t\t\t\t\t<\/div>\n\t\t\t<\/div>\n\n\t\t\t<\/div><div id=\"panel-7743-3-1-1\" class=\"so-panel widget widget_qt_icon_box widget-icon-box panel-last-child\" data-index=\"8\" >\t\t\t\t<div class=\"icon-box\">\n\t\t\t\t\t\t\t\t\t\t\t\t<div class=\"icon-box--icon\">\n\t\t\t\t\t\t<i class=\"fa fas fa-graduation-cap\"><\/i>\n\t\t\t\t\t<\/div>\n\t\t\t\t\t\t\t\t<div class=\"icon-box--text\">\n\t\t\t\t\t\t\t\t\t\t\t<h6 class=\"icon-box--title\">Do\u015bwiadczony personel<\/h6>\n\t\t\t\t\t\t\t\t\t\t\t\t\t\t\t\t<span class=\"icon-box--description\">Nasi terapeuci maj\u0105 kursy i ceryfikaty<\/span>\n\t\t\t\t\t\t\t\t\t<\/div>\n\t\t\t<\/div>\n\n\t\t\t<\/div><\/div><\/div><div id=\"pg-7743-4\"  class=\"panel-grid panel-has-style\" ><div class=\"siteorigin-panels-stretch panel-row-style panel-row-style-for-7743-4\" data-stretch-type=\"full\" ><div id=\"pgc-7743-4-0\"  class=\"panel-grid-cell\" ><div id=\"panel-7743-4-0-0\" class=\"so-panel widget widget_qt_call_to_action widget-cta-banner panel-first-child panel-last-child\" data-index=\"9\" >\n\t\t\t<div class=\"call-to-action cta-block\">\n\t\t\t\t<div class=\"call-to-action--content\">\n\t\t\t\t\t<div class=\"call-to-action--title\" style=\"color: #ffffff;\">\n\t\t\t\t\t\tBez wzgl\u0119du na to, czy Tw\u00f3j stan zosta\u0142 spowodowany przez sport, <br> wypadek przy pracy czy z innego powodu, z rado\u015bci\u0105 b\u0119dziemy Ci s\u0142u\u017cy\u0107.\t\t\t\t\t<\/div>\n\t\t\t\t\t\t\t\t\t<\/div>\n\t\t\t\t<div class=\"call-to-action--buttons\">\n\t\t\t\t\t<a href=\"https:\/\/lekarzebezkolejki.pl\/CRE\" class=\"btn btn-outline\" target=\"_self\">Zarejestruj si\u0119 <\/a>\t\t\t\t<\/div>\n\t\t\t<\/div>\n\n\t\t\t<\/div><\/div><\/div><\/div><div id=\"pg-7743-5\"  class=\"panel-grid panel-has-style\" ><div class=\"siteorigin-panels-stretch panel-row-style panel-row-style-for-7743-5\" data-stretch-type=\"full\" ><div id=\"pgc-7743-5-0\"  class=\"panel-grid-cell panel-grid-cell-empty panel-grid-cell-mobile-last\" ><\/div><div id=\"pgc-7743-5-1\"  class=\"panel-grid-cell panel-grid-cell-empty\" ><\/div><\/div><\/div><div id=\"pg-7743-6\"  class=\"panel-grid panel-has-style\" ><div class=\"siteorigin-panels-stretch panel-row-style panel-row-style-for-7743-6\" data-stretch-type=\"full-stretched\" ><div id=\"pgc-7743-6-0\"  class=\"panel-grid-cell\" ><div id=\"panel-7743-6-0-0\" class=\"so-panel widget widget_qt_google_map_iframe widget-google-map-iframe panel-first-child panel-last-child\" data-index=\"10\" >\n\t    \t<div class=\"qt-map-iframe\">\n\t\t\t\t<iframe loading=\"lazy\" frameborder=\"0\" src=\"https:\/\/maps.google.com\/maps?f=q&source=s_q&hl=en&geocode=&q=Pasymska+21A+12-100+Szczytno&z=12&output=embed\" width=\"100%\" height=\"370px;\"><\/iframe>\n\t\t\t<\/div>\n\t\t\t\t\n\t\t\t<\/div><\/div><\/div><\/div><div id=\"pg-7743-7\"  class=\"panel-grid panel-has-style\" ><div class=\"siteorigin-panels-stretch panel-row-style panel-row-style-for-7743-7\" data-stretch-type=\"full\" ><div id=\"pgc-7743-7-0\"  class=\"panel-grid-cell panel-grid-cell-empty\" ><\/div><\/div><\/div><div id=\"pg-7743-8\"  class=\"panel-grid panel-no-style\" ><div id=\"pgc-7743-8-0\"  class=\"panel-grid-cell\" ><div id=\"panel-7743-8-0-0\" class=\"so-panel widget widget_sow-editor panel-first-child panel-last-child\" data-index=\"11\" ><div\n\t\t\t\n\t\t\tclass=\"so-widget-sow-editor so-widget-sow-editor-base\"\n\t\t\t\n\t\t><h3 class=\"widget-title\">Przydatne odno\u015bniki<\/h3>\n<div class=\"siteorigin-widget-tinymce textwidget\">\n\t<\/div>\n<\/div><\/div><\/div><div id=\"pgc-7743-8-1\"  class=\"panel-grid-cell\" ><div id=\"panel-7743-8-1-0\" class=\"so-panel widget widget_qt_brand_image widget-brochure panel-first-child panel-last-child\" data-index=\"12\" >\t\t\t\t<a href=\"https:\/\/www.nfz-olsztyn.pl\/\" class=\"brand-image brand-border brand-hover\" >\n\t\t\t\t\t\t\t<img decoding=\"async\" src=\"https:\/\/www.nfz-olsztyn.pl\/szablony\/nfz\/images\/logo.png\" loading=\"lazy\">\n\t    \t<\/a>\n\t\t\t\t\n\t\t\t<\/div><\/div><div id=\"pgc-7743-8-2\"  class=\"panel-grid-cell panel-grid-cell-empty\" ><\/div><div id=\"pgc-7743-8-3\"  class=\"panel-grid-cell panel-grid-cell-empty panel-grid-cell-mobile-last\" ><\/div><div id=\"pgc-7743-8-4\"  class=\"panel-grid-cell panel-grid-cell-empty\" ><\/div><\/div><\/div>","protected":false},"excerpt":{"rendered":"<p>Dzia\u0142 Terapii Dziennej jest miejscem gdzie dzieci i m\u0142odzie\u017c niepe\u0142nosprawna mo\u017ce korzysta\u0107 z wielospecjalistycznych form usprawniania<\/p>\n","protected":false},"author":1,"featured_media":0,"parent":0,"menu_order":0,"comment_status":"closed","ping_status":"closed","template":"template-front-jumbtron.php","meta":{"footnotes":""},"class_list":["post-7743","page","type-page","status-publish","hentry"],"_links":{"self":[{"href":"http:\/\/cre.com.pl\/index.php?rest_route=\/wp\/v2\/pages\/7743","targetHints":{"allow":["GET"]}}],"collection":[{"href":"http:\/\/cre.com.pl\/index.php?rest_route=\/wp\/v2\/pages"}],"about":[{"href":"http:\/\/cre.com.pl\/index.php?rest_route=\/wp\/v2\/types\/page"}],"author":[{"embeddable":true,"href":"http:\/\/cre.com.pl\/index.php?rest_route=\/wp\/v2\/users\/1"}],"replies":[{"embeddable":true,"href":"http:\/\/cre.com.pl\/index.php?rest_route=%2Fwp%2Fv2%2Fcomments&post=7743"}],"version-history":[{"count":40,"href":"http:\/\/cre.com.pl\/index.php?rest_route=\/wp\/v2\/pages\/7743\/revisions"}],"predecessor-version":[{"id":7898,"href":"http:\/\/cre.com.pl\/index.php?rest_route=\/wp\/v2\/pages\/7743\/revisions\/7898"}],"wp:attachment":[{"href":"http:\/\/cre.com.pl\/index.php?rest_route=%2Fwp%2Fv2%2Fmedia&parent=7743"}],"curies":[{"name":"wp","href":"https:\/\/api.w.org\/{rel}","templated":true}]}}